{"id":102,"date":"2021-01-23T15:23:09","date_gmt":"2021-01-23T14:23:09","guid":{"rendered":"http:\/\/vikom.com.pl\/wp\/?page_id=102"},"modified":"2021-01-23T16:58:34","modified_gmt":"2021-01-23T15:58:34","slug":"urlhttp-mattebox-pl-packages","status":"publish","type":"page","link":"http:\/\/vikom.com.pl\/wp\/urlhttp-mattebox-pl-packages\/","title":{"rendered":"Telewizja"},"content":{"rendered":"\n<ul><li><a href=\"http:\/\/mattebox.pl\/packages\/\" target=\"_blank\" rel=\"noreferrer noopener\">Pakiety Telewizji<\/a><\/li><\/ul>\n\n\n\n<p>Startowy &#8211; 33 z\u0142.<\/p>\n\n\n\n<p>Br\u0105zowy &#8211; 55 z\u0142.<\/p>\n\n\n\n<p>Srebrny &#8211; 77 z\u0142.<\/p>\n\n\n\n<p>Z\u0142oty &#8211; 111 z\u0142.<\/p>\n\n\n\n<p>Platynowy &#8211; 222 z\u0142.<\/p>\n\n\n\n<p>Pakiety tematyczne:<\/p>\n\n\n\n<p>Dla Rodziny &#8211; 33 z\u0142.<\/p>\n\n\n\n<p>Dla Dzieci &#8211; 11 z\u0142.<\/p>\n\n\n\n<p>Dla Niej &#8211; 11 z\u0142.<\/p>\n\n\n\n<p>Dla Niego &#8211; 22 z\u0142.<\/p>\n\n\n\n<p>Dla Sportowca &#8211; 22 z\u0142.<\/p>\n\n\n\n<p>Dla Konesera &#8211; 11 z\u0142.<\/p>\n\n\n\n<p>Filmbox &#8211;  22 z\u0142.<\/p>\n\n\n\n<p>Dla Kinomana &#8211; 22 z\u0142.<\/p>\n\n\n\n<p>Dla Ciekawych \u015awiata &#8211; 22 z\u0142.<\/p>\n\n\n\n<p>Canal+ Select &#8211; 44 z\u0142.<\/p>\n\n\n\n<p>Canal+ Prestige &#8211; 55 z\u0142.<\/p>\n\n\n\n<p><\/p>\n","protected":false},"excerpt":{"rendered":"<p>Pakiety Telewizji Startowy &#8211; 33 z\u0142. Br\u0105zowy &#8211; 55 z\u0142. Srebrny &#8211; 77 z\u0142. Z\u0142oty &#8211; 111 z\u0142. Platynowy &#8211; 222 z\u0142. Pakiety tematyczne: Dla Rodziny &#8211; 33 z\u0142. Dla Dzieci &#8211; 11 z\u0142. Dla Niej &#8211; 11 z\u0142. Dla<\/p>\n","protected":false},"author":1,"featured_media":0,"parent":0,"menu_order":0,"comment_status":"closed","ping_status":"closed","template":"","meta":[],"_links":{"self":[{"href":"http:\/\/vikom.com.pl\/wp\/wp-json\/wp\/v2\/pages\/102"}],"collection":[{"href":"http:\/\/vikom.com.pl\/wp\/wp-json\/wp\/v2\/pages"}],"about":[{"href":"http:\/\/vikom.com.pl\/wp\/wp-json\/wp\/v2\/types\/page"}],"author":[{"embeddable":true,"href":"http:\/\/vikom.com.pl\/wp\/wp-json\/wp\/v2\/users\/1"}],"replies":[{"embeddable":true,"href":"http:\/\/vikom.com.pl\/wp\/wp-json\/wp\/v2\/comments?post=102"}],"version-history":[{"count":12,"href":"http:\/\/vikom.com.pl\/wp\/wp-json\/wp\/v2\/pages\/102\/revisions"}],"predecessor-version":[{"id":186,"href":"http:\/\/vikom.com.pl\/wp\/wp-json\/wp\/v2\/pages\/102\/revisions\/186"}],"wp:attachment":[{"href":"http:\/\/vikom.com.pl\/wp\/wp-json\/wp\/v2\/media?parent=102"}],"curies":[{"name":"wp","href":"https:\/\/api.w.org\/{rel}","templated":true}]}}