{"id":71,"date":"2016-02-02T13:17:44","date_gmt":"2016-02-02T12:17:44","guid":{"rendered":"http:\/\/vikom.com.pl\/wp\/?page_id=71"},"modified":"2025-02-10T19:58:29","modified_gmt":"2025-02-10T18:58:29","slug":"cennik","status":"publish","type":"page","link":"http:\/\/vikom.com.pl\/wp\/cennik\/","title":{"rendered":"Cennik"},"content":{"rendered":"<p><img decoding=\"async\" loading=\"lazy\" class=\"alignnone size-full wp-image-206\" src=\"http:\/\/vikom.com.pl\/wp\/wp-content\/uploads\/2025\/02\/dla_Aktywnych_ver3.png\" alt=\"\" width=\"689\" height=\"456\" \/><\/p>\n<p><a href=\"http:\/\/vikom.com.pl\/wp\/wp-content\/uploads\/2025\/02\/cennik_dla_aktywnych_12-2024.pdf\">Cennik dost\u0119pu do internetu dla os\u00f3b fizycznych.<\/a><\/p>\n<p><a href=\"http:\/\/vikom.com.pl\/wp\/wp-content\/uploads\/2025\/02\/Telewizja_Internet_21-08-2024.pdf\">Cennik dost\u0119pu do internetu z pakietami TV dla os\u00f3b fizycznych<\/a><\/p>\n\n\n<p><\/p>\n","protected":false},"excerpt":{"rendered":"<p>Cennik dost\u0119pu do internetu dla os\u00f3b fizycznych. Cennik dost\u0119pu do internetu z pakietami TV dla os\u00f3b fizycznych<\/p>\n","protected":false},"author":1,"featured_media":0,"parent":0,"menu_order":0,"comment_status":"open","ping_status":"open","template":"","meta":[],"_links":{"self":[{"href":"http:\/\/vikom.com.pl\/wp\/wp-json\/wp\/v2\/pages\/71"}],"collection":[{"href":"http:\/\/vikom.com.pl\/wp\/wp-json\/wp\/v2\/pages"}],"about":[{"href":"http:\/\/vikom.com.pl\/wp\/wp-json\/wp\/v2\/types\/page"}],"author":[{"embeddable":true,"href":"http:\/\/vikom.com.pl\/wp\/wp-json\/wp\/v2\/users\/1"}],"replies":[{"embeddable":true,"href":"http:\/\/vikom.com.pl\/wp\/wp-json\/wp\/v2\/comments?post=71"}],"version-history":[{"count":16,"href":"http:\/\/vikom.com.pl\/wp\/wp-json\/wp\/v2\/pages\/71\/revisions"}],"predecessor-version":[{"id":213,"href":"http:\/\/vikom.com.pl\/wp\/wp-json\/wp\/v2\/pages\/71\/revisions\/213"}],"wp:attachment":[{"href":"http:\/\/vikom.com.pl\/wp\/wp-json\/wp\/v2\/media?parent=71"}],"curies":[{"name":"wp","href":"https:\/\/api.w.org\/{rel}","templated":true}]}}